{"id":11,"date":"2025-05-07T19:17:05","date_gmt":"2025-05-07T19:17:05","guid":{"rendered":"https:\/\/interierisch.hr\/?page_id=11"},"modified":"2026-04-13T14:57:40","modified_gmt":"2026-04-13T14:57:40","slug":"interierisch-studio-za-dizajn-interijera","status":"publish","type":"page","link":"https:\/\/interierisch.hr\/","title":{"rendered":"interieri.SCH"},"content":{"rendered":"\t\t<div data-elementor-type=\"wp-page\" data-elementor-id=\"11\" class=\"elementor elementor-11\">\n\t\t\t\t<div class=\"elementor-element elementor-element-69fa96c3 e-flex e-con-boxed e-con e-parent\" data-id=\"69fa96c3\" data-element_type=\"container\" data-e-type=\"container\">\n\t\t\t\t\t<div class=\"e-con-inner\">\n\t\t\t\t<div class=\"elementor-element elementor-element-6b1b548 elementor-widget elementor-widget-heading\" data-id=\"6b1b548\" data-element_type=\"widget\" data-e-type=\"widget\" data-widget_type=\"heading.default\">\n\t\t\t\t<div class=\"elementor-widget-container\">\n\t\t\t\t\t<h1 class=\"elementor-heading-title elementor-size-default\">Studio za dizajn interijera<\/h1>\t\t\t\t<\/div>\n\t\t\t\t<\/div>\n\t\t\t\t<div class=\"elementor-element elementor-element-687f1a15 elementor-widget elementor-widget-text-editor\" data-id=\"687f1a15\" data-element_type=\"widget\" data-e-type=\"widget\" data-settings=\"{&quot;_animation&quot;:&quot;none&quot;}\" data-widget_type=\"text-editor.default\">\n\t\t\t\t<div class=\"elementor-widget-container\">\n\t\t\t\t\t\t\t\t\t<p>\u00a0<\/p><p>interieri.SCH je studio za dizajn interijera specijaliziran za izradu idejnih i izvedbenih projekata ure\u0111enja prostora, <a href=\"https:\/\/interierisch.hr\/index.php\/home\/interierisch-studio-za-dizajn-interijera\/projekti\/\">fotorealisti\u010dnih 3D vizualizacija (rendera)<\/a> te <a href=\"https:\/\/interierisch.hr\/index.php\/2026\/01\/25\/level-up-dizajn-interijera-360-virtualne-ture\/\">360 virtualnih tura<\/a>.<\/p><p>Dizajniramo interijere po mjeri, uz visoke standarde i individualan pristup svakom klijentu. Na\u0161 cilj je uz naprednu tehnologiju prikaza prostora pomo\u0107i vam da jasno zamislite i osjetite prostor prije po\u010detka realizacije projekta.<\/p><p><!-- \/wp:paragraph --><\/p>\t\t\t\t\t\t\t\t<\/div>\n\t\t\t\t<\/div>\n\t\t\t\t\t<\/div>\n\t\t\t\t<\/div>\n\t\t<div class=\"elementor-element elementor-element-58e0a2a e-flex e-con-boxed e-con e-parent\" data-id=\"58e0a2a\" data-element_type=\"container\" data-e-type=\"container\">\n\t\t\t\t\t<div class=\"e-con-inner\">\n\t\t\t\t<div class=\"elementor-element elementor-element-fa71892 elementor-align-center elementor-widget elementor-widget-button\" data-id=\"fa71892\" data-element_type=\"widget\" data-e-type=\"widget\" data-widget_type=\"button.default\">\n\t\t\t\t<div class=\"elementor-widget-container\">\n\t\t\t\t\t\t\t\t\t<div class=\"elementor-button-wrapper\">\n\t\t\t\t\t<a class=\"elementor-button elementor-button-link elementor-size-sm\" href=\"https:\/\/interierisch.hr\/index.php\/besplatna-ponuda\/\" target=\"_blank\">\n\t\t\t\t\t\t<span class=\"elementor-button-content-wrapper\">\n\t\t\t\t\t\t\t\t\t<span class=\"elementor-button-text\">REZERVIRAJTE TERMIN UZ 15% POPUSTA <\/span>\n\t\t\t\t\t<\/span>\n\t\t\t\t\t<\/a>\n\t\t\t\t<\/div>\n\t\t\t\t\t\t\t\t<\/div>\n\t\t\t\t<\/div>\n\t\t\t\t\t<\/div>\n\t\t\t\t<\/div>\n\t\t<div class=\"elementor-element elementor-element-4c295c8 e-flex e-con-boxed e-con e-parent\" data-id=\"4c295c8\" data-element_type=\"container\" data-e-type=\"container\">\n\t\t\t\t\t<div class=\"e-con-inner\">\n\t\t\t\t<div class=\"elementor-element elementor-element-9272c21 elementor-widget elementor-widget-spacer\" data-id=\"9272c21\" data-element_type=\"widget\" data-e-type=\"widget\" data-widget_type=\"spacer.default\">\n\t\t\t\t<div class=\"elementor-widget-container\">\n\t\t\t\t\t\t\t<div class=\"elementor-spacer\">\n\t\t\t<div class=\"elementor-spacer-inner\"><\/div>\n\t\t<\/div>\n\t\t\t\t\t\t<\/div>\n\t\t\t\t<\/div>\n\t\t\t\t\t<\/div>\n\t\t\t\t<\/div>\n\t\t<div class=\"elementor-element elementor-element-f4b0fda e-flex e-con-boxed e-con e-parent\" data-id=\"f4b0fda\" data-element_type=\"container\" data-e-type=\"container\">\n\t\t\t\t\t<div class=\"e-con-inner\">\n\t\t\t\t<div class=\"elementor-element elementor-element-af17895 elementor-widget elementor-widget-text-editor\" data-id=\"af17895\" data-element_type=\"widget\" data-e-type=\"widget\" data-widget_type=\"text-editor.default\">\n\t\t\t\t<div class=\"elementor-widget-container\">\n\t\t\t\t\t\t\t\t\t<p>Ako tra\u017eite studio za dizajn interijera koji \u0107e va\u0161 prostor pretvoriti u funkcionalnu i estetski uskla\u0111enu cjelinu, na pravom ste mjestu.<\/p>\t\t\t\t\t\t\t\t<\/div>\n\t\t\t\t<\/div>\n\t\t\t\t\t<\/div>\n\t\t\t\t<\/div>\n\t\t\t\t<\/div>\n\t\t","protected":false},"excerpt":{"rendered":"<p>Studio za dizajn interijera \u00a0 interieri.SCH je studio za dizajn interijera specijaliziran za izradu idejnih i izvedbenih projekata ure\u0111enja prostora, fotorealisti\u010dnih 3D vizualizacija (rendera) te 360 virtualnih tura. Dizajniramo interijere po mjeri, uz visoke standarde i individualan pristup svakom klijentu. Na\u0161 cilj je uz naprednu tehnologiju prikaza prostora pomo\u0107i vam da jasno zamislite i osjetite &hellip; <\/p>\n<p class=\"link-more\"><a href=\"https:\/\/interierisch.hr\/\" class=\"more-link\">Nastavi \u010ditati<span class=\"screen-reader-text\"> &#8220;interieri.SCH&#8221;<\/span><\/a><\/p>\n","protected":false},"author":1,"featured_media":848,"parent":0,"menu_order":0,"comment_status":"closed","ping_status":"closed","template":"","meta":{"_monsterinsights_skip_tracking":false,"_monsterinsights_sitenote_active":false,"_monsterinsights_sitenote_note":"","_monsterinsights_sitenote_category":0,"footnotes":""},"class_list":["post-11","page","type-page","status-publish","has-post-thumbnail","hentry"],"yoast_head":"<!-- This site is optimized with the Yoast SEO plugin v27.2 - https:\/\/yoast.com\/product\/yoast-seo-wordpress\/ -->\n<title>Studio za dizajn interijera - interieri.SCH<\/title>\n<meta name=\"description\" content=\"Studio za dizajn interijera specijaliziran za idejne i izvedbene projekte te 3D vizualizacije (rendere) i 360 virtualne ture.\" \/>\n<meta name=\"robots\" content=\"index, follow, max-snippet:-1, max-image-preview:large, max-video-preview:-1\" \/>\n<link rel=\"canonical\" href=\"https:\/\/interierisch.hr\/\" \/>\n<meta property=\"og:locale\" content=\"hr_HR\" \/>\n<meta property=\"og:type\" content=\"article\" \/>\n<meta property=\"og:title\" content=\"Studio za dizajn interijera - interieri.SCH\" \/>\n<meta property=\"og:description\" content=\"Studio za dizajn interijera specijaliziran za idejne i izvedbene projekte te 3D vizualizacije (rendere) i 360 virtualne ture.\" \/>\n<meta property=\"og:url\" content=\"https:\/\/interierisch.hr\/\" \/>\n<meta property=\"og:site_name\" content=\"interieri.SCH\" \/>\n<meta property=\"article:modified_time\" content=\"2026-04-13T14:57:40+00:00\" \/>\n<meta property=\"og:image\" content=\"https:\/\/interierisch.hr\/wp-content\/uploads\/2026\/02\/Dizajn-interijera-Trogir-kuhinja-i-dnevni-boravak-1.webp\" \/>\n\t<meta property=\"og:image:width\" content=\"2560\" \/>\n\t<meta property=\"og:image:height\" content=\"1704\" \/>\n\t<meta property=\"og:image:type\" content=\"image\/webp\" \/>\n<meta name=\"twitter:card\" content=\"summary_large_image\" \/>\n<meta name=\"twitter:label1\" content=\"Procijenjeno vrijeme \u010ditanja\" \/>\n\t<meta name=\"twitter:data1\" content=\"1 minuta\" \/>\n<script type=\"application\/ld+json\" class=\"yoast-schema-graph\">{\"@context\":\"https:\/\/schema.org\",\"@graph\":[{\"@type\":\"WebPage\",\"@id\":\"https:\/\/interierisch.hr\/\",\"url\":\"https:\/\/interierisch.hr\/\",\"name\":\"Studio za dizajn interijera - interieri.SCH\",\"isPartOf\":{\"@id\":\"https:\/\/interierisch.hr\/#website\"},\"primaryImageOfPage\":{\"@id\":\"https:\/\/interierisch.hr\/#primaryimage\"},\"image\":{\"@id\":\"https:\/\/interierisch.hr\/#primaryimage\"},\"thumbnailUrl\":\"https:\/\/interierisch.hr\/wp-content\/uploads\/2026\/02\/Dizajn-interijera-Trogir-kuhinja-i-dnevni-boravak-1.webp\",\"datePublished\":\"2025-05-07T19:17:05+00:00\",\"dateModified\":\"2026-04-13T14:57:40+00:00\",\"description\":\"Studio za dizajn interijera specijaliziran za idejne i izvedbene projekte te 3D vizualizacije (rendere) i 360 virtualne ture.\",\"breadcrumb\":{\"@id\":\"https:\/\/interierisch.hr\/#breadcrumb\"},\"inLanguage\":\"hr\",\"potentialAction\":[{\"@type\":\"ReadAction\",\"target\":[\"https:\/\/interierisch.hr\/\"]}]},{\"@type\":\"ImageObject\",\"inLanguage\":\"hr\",\"@id\":\"https:\/\/interierisch.hr\/#primaryimage\",\"url\":\"https:\/\/interierisch.hr\/wp-content\/uploads\/2026\/02\/Dizajn-interijera-Trogir-kuhinja-i-dnevni-boravak-1.webp\",\"contentUrl\":\"https:\/\/interierisch.hr\/wp-content\/uploads\/2026\/02\/Dizajn-interijera-Trogir-kuhinja-i-dnevni-boravak-1.webp\",\"width\":2560,\"height\":1704,\"caption\":\"Dizajn interijera stana u Trogiru - elegantni bezvremenski dizajn kuhinje i dnevnog boravka u zemljanim tonovima. Prostor koji opu\u0161ta i smiruje by studio za dizajn interijera interieri.SCH\"},{\"@type\":\"BreadcrumbList\",\"@id\":\"https:\/\/interierisch.hr\/#breadcrumb\",\"itemListElement\":[{\"@type\":\"ListItem\",\"position\":1,\"name\":\"Po\u010detna stranica\",\"item\":\"https:\/\/interierisch.hr\/\"},{\"@type\":\"ListItem\",\"position\":2,\"name\":\"interieri.SCH\"}]},{\"@type\":\"WebSite\",\"@id\":\"https:\/\/interierisch.hr\/#website\",\"url\":\"https:\/\/interierisch.hr\/\",\"name\":\"interieri.SCH\",\"description\":\"Studio za dizajn interijera\",\"potentialAction\":[{\"@type\":\"SearchAction\",\"target\":{\"@type\":\"EntryPoint\",\"urlTemplate\":\"https:\/\/interierisch.hr\/?s={search_term_string}\"},\"query-input\":{\"@type\":\"PropertyValueSpecification\",\"valueRequired\":true,\"valueName\":\"search_term_string\"}}],\"inLanguage\":\"hr\"}]}<\/script>\n<!-- \/ Yoast SEO plugin. -->","yoast_head_json":{"title":"Studio za dizajn interijera - interieri.SCH","description":"Studio za dizajn interijera specijaliziran za idejne i izvedbene projekte te 3D vizualizacije (rendere) i 360 virtualne ture.","robots":{"index":"index","follow":"follow","max-snippet":"max-snippet:-1","max-image-preview":"max-image-preview:large","max-video-preview":"max-video-preview:-1"},"canonical":"https:\/\/interierisch.hr\/","og_locale":"hr_HR","og_type":"article","og_title":"Studio za dizajn interijera - interieri.SCH","og_description":"Studio za dizajn interijera specijaliziran za idejne i izvedbene projekte te 3D vizualizacije (rendere) i 360 virtualne ture.","og_url":"https:\/\/interierisch.hr\/","og_site_name":"interieri.SCH","article_modified_time":"2026-04-13T14:57:40+00:00","og_image":[{"width":2560,"height":1704,"url":"https:\/\/interierisch.hr\/wp-content\/uploads\/2026\/02\/Dizajn-interijera-Trogir-kuhinja-i-dnevni-boravak-1.webp","type":"image\/webp"}],"twitter_card":"summary_large_image","twitter_misc":{"Procijenjeno vrijeme \u010ditanja":"1 minuta"},"schema":{"@context":"https:\/\/schema.org","@graph":[{"@type":"WebPage","@id":"https:\/\/interierisch.hr\/","url":"https:\/\/interierisch.hr\/","name":"Studio za dizajn interijera - interieri.SCH","isPartOf":{"@id":"https:\/\/interierisch.hr\/#website"},"primaryImageOfPage":{"@id":"https:\/\/interierisch.hr\/#primaryimage"},"image":{"@id":"https:\/\/interierisch.hr\/#primaryimage"},"thumbnailUrl":"https:\/\/interierisch.hr\/wp-content\/uploads\/2026\/02\/Dizajn-interijera-Trogir-kuhinja-i-dnevni-boravak-1.webp","datePublished":"2025-05-07T19:17:05+00:00","dateModified":"2026-04-13T14:57:40+00:00","description":"Studio za dizajn interijera specijaliziran za idejne i izvedbene projekte te 3D vizualizacije (rendere) i 360 virtualne ture.","breadcrumb":{"@id":"https:\/\/interierisch.hr\/#breadcrumb"},"inLanguage":"hr","potentialAction":[{"@type":"ReadAction","target":["https:\/\/interierisch.hr\/"]}]},{"@type":"ImageObject","inLanguage":"hr","@id":"https:\/\/interierisch.hr\/#primaryimage","url":"https:\/\/interierisch.hr\/wp-content\/uploads\/2026\/02\/Dizajn-interijera-Trogir-kuhinja-i-dnevni-boravak-1.webp","contentUrl":"https:\/\/interierisch.hr\/wp-content\/uploads\/2026\/02\/Dizajn-interijera-Trogir-kuhinja-i-dnevni-boravak-1.webp","width":2560,"height":1704,"caption":"Dizajn interijera stana u Trogiru - elegantni bezvremenski dizajn kuhinje i dnevnog boravka u zemljanim tonovima. Prostor koji opu\u0161ta i smiruje by studio za dizajn interijera interieri.SCH"},{"@type":"BreadcrumbList","@id":"https:\/\/interierisch.hr\/#breadcrumb","itemListElement":[{"@type":"ListItem","position":1,"name":"Po\u010detna stranica","item":"https:\/\/interierisch.hr\/"},{"@type":"ListItem","position":2,"name":"interieri.SCH"}]},{"@type":"WebSite","@id":"https:\/\/interierisch.hr\/#website","url":"https:\/\/interierisch.hr\/","name":"interieri.SCH","description":"Studio za dizajn interijera","potentialAction":[{"@type":"SearchAction","target":{"@type":"EntryPoint","urlTemplate":"https:\/\/interierisch.hr\/?s={search_term_string}"},"query-input":{"@type":"PropertyValueSpecification","valueRequired":true,"valueName":"search_term_string"}}],"inLanguage":"hr"}]}},"_links":{"self":[{"href":"https:\/\/interierisch.hr\/index.php\/wp-json\/wp\/v2\/pages\/11","targetHints":{"allow":["GET"]}}],"collection":[{"href":"https:\/\/interierisch.hr\/index.php\/wp-json\/wp\/v2\/pages"}],"about":[{"href":"https:\/\/interierisch.hr\/index.php\/wp-json\/wp\/v2\/types\/page"}],"author":[{"embeddable":true,"href":"https:\/\/interierisch.hr\/index.php\/wp-json\/wp\/v2\/users\/1"}],"replies":[{"embeddable":true,"href":"https:\/\/interierisch.hr\/index.php\/wp-json\/wp\/v2\/comments?post=11"}],"version-history":[{"count":99,"href":"https:\/\/interierisch.hr\/index.php\/wp-json\/wp\/v2\/pages\/11\/revisions"}],"predecessor-version":[{"id":1340,"href":"https:\/\/interierisch.hr\/index.php\/wp-json\/wp\/v2\/pages\/11\/revisions\/1340"}],"wp:featuredmedia":[{"embeddable":true,"href":"https:\/\/interierisch.hr\/index.php\/wp-json\/wp\/v2\/media\/848"}],"wp:attachment":[{"href":"https:\/\/interierisch.hr\/index.php\/wp-json\/wp\/v2\/media?parent=11"}],"curies":[{"name":"wp","href":"https:\/\/api.w.org\/{rel}","templated":true}]}}