{"id":107,"date":"2025-05-11T14:08:11","date_gmt":"2025-05-11T14:08:11","guid":{"rendered":"https:\/\/interierisch.hr\/?page_id=107"},"modified":"2026-04-13T15:03:30","modified_gmt":"2026-04-13T15:03:30","slug":"kontakt-2","status":"publish","type":"page","link":"https:\/\/interierisch.hr\/index.php\/kontakt-2\/","title":{"rendered":"Kontakt"},"content":{"rendered":"\t\t<div data-elementor-type=\"wp-page\" data-elementor-id=\"107\" class=\"elementor elementor-107\">\n\t\t\t\t<div class=\"elementor-element elementor-element-527ae85 e-flex e-con-boxed e-con e-parent\" data-id=\"527ae85\" data-element_type=\"container\" data-e-type=\"container\">\n\t\t\t\t\t<div class=\"e-con-inner\">\n\t\t\t\t<div class=\"elementor-element elementor-element-2ac8de3 elementor-icon-list--layout-traditional elementor-list-item-link-full_width elementor-widget elementor-widget-icon-list\" data-id=\"2ac8de3\" data-element_type=\"widget\" data-e-type=\"widget\" data-widget_type=\"icon-list.default\">\n\t\t\t\t<div class=\"elementor-widget-container\">\n\t\t\t\t\t\t\t<ul class=\"elementor-icon-list-items\">\n\t\t\t\t\t\t\t<li class=\"elementor-icon-list-item\">\n\t\t\t\t\t\t\t\t\t\t\t<span class=\"elementor-icon-list-icon\">\n\t\t\t\t\t\t\t<svg aria-hidden=\"true\" class=\"e-font-icon-svg e-fas-phone-alt\" viewBox=\"0 0 512 512\" xmlns=\"http:\/\/www.w3.org\/2000\/svg\"><path d=\"M497.39 361.8l-112-48a24 24 0 0 0-28 6.9l-49.6 60.6A370.66 370.66 0 0 1 130.6 204.11l60.6-49.6a23.94 23.94 0 0 0 6.9-28l-48-112A24.16 24.16 0 0 0 122.6.61l-104 24A24 24 0 0 0 0 48c0 256.5 207.9 464 464 464a24 24 0 0 0 23.4-18.6l24-104a24.29 24.29 0 0 0-14.01-27.6z\"><\/path><\/svg>\t\t\t\t\t\t<\/span>\n\t\t\t\t\t\t\t\t\t\t<span class=\"elementor-icon-list-text\">+385 91 254 6083<\/span>\n\t\t\t\t\t\t\t\t\t<\/li>\n\t\t\t\t\t\t\t\t<li class=\"elementor-icon-list-item\">\n\t\t\t\t\t\t\t\t\t\t\t<span class=\"elementor-icon-list-icon\">\n\t\t\t\t\t\t\t<svg aria-hidden=\"true\" class=\"e-font-icon-svg e-fas-envelope-square\" viewBox=\"0 0 448 512\" xmlns=\"http:\/\/www.w3.org\/2000\/svg\"><path d=\"M400 32H48C21.49 32 0 53.49 0 80v352c0 26.51 21.49 48 48 48h352c26.51 0 48-21.49 48-48V80c0-26.51-21.49-48-48-48zM178.117 262.104C87.429 196.287 88.353 196.121 64 177.167V152c0-13.255 10.745-24 24-24h272c13.255 0 24 10.745 24 24v25.167c-24.371 18.969-23.434 19.124-114.117 84.938-10.5 7.655-31.392 26.12-45.883 25.894-14.503.218-35.367-18.227-45.883-25.895zM384 217.775V360c0 13.255-10.745 24-24 24H88c-13.255 0-24-10.745-24-24V217.775c13.958 10.794 33.329 25.236 95.303 70.214 14.162 10.341 37.975 32.145 64.694 32.01 26.887.134 51.037-22.041 64.72-32.025 61.958-44.965 81.325-59.406 95.283-70.199z\"><\/path><\/svg>\t\t\t\t\t\t<\/span>\n\t\t\t\t\t\t\t\t\t\t<span class=\"elementor-icon-list-text\">info@interierisch.hr<\/span>\n\t\t\t\t\t\t\t\t\t<\/li>\n\t\t\t\t\t\t<\/ul>\n\t\t\t\t\t\t<\/div>\n\t\t\t\t<\/div>\n\t\t\t\t\t<\/div>\n\t\t\t\t<\/div>\n\t\t<div class=\"elementor-element elementor-element-7ff08d7 e-flex e-con-boxed e-con e-parent\" data-id=\"7ff08d7\" data-element_type=\"container\" data-e-type=\"container\">\n\t\t\t\t\t<div class=\"e-con-inner\">\n\t\t\t\t<div class=\"elementor-element elementor-element-34155a4 elementor-widget elementor-widget-spacer\" data-id=\"34155a4\" data-element_type=\"widget\" data-e-type=\"widget\" data-widget_type=\"spacer.default\">\n\t\t\t\t<div class=\"elementor-widget-container\">\n\t\t\t\t\t\t\t<div class=\"elementor-spacer\">\n\t\t\t<div class=\"elementor-spacer-inner\"><\/div>\n\t\t<\/div>\n\t\t\t\t\t\t<\/div>\n\t\t\t\t<\/div>\n\t\t\t\t<div class=\"elementor-element elementor-element-0eb5ab7 elementor-widget elementor-widget-text-editor\" data-id=\"0eb5ab7\" data-element_type=\"widget\" data-e-type=\"widget\" data-widget_type=\"text-editor.default\">\n\t\t\t\t<div class=\"elementor-widget-container\">\n\t\t\t\t\t\t\t\t\t<h3>Imate projekt u planu? Trebate dizajn interijera?<\/h3><p><br \/>Po\u0161aljite nam upit i javimo Vam se povratno u roku od 24 sata.\u00a0<\/p>\t\t\t\t\t\t\t\t<\/div>\n\t\t\t\t<\/div>\n\t\t\t\t<div class=\"elementor-element elementor-element-5c37372 elementor-widget__width-inherit elementor-widget elementor-widget-wpforms\" data-id=\"5c37372\" data-element_type=\"widget\" data-e-type=\"widget\" data-widget_type=\"wpforms.default\">\n\t\t\t\t<div class=\"elementor-widget-container\">\n\t\t\t\t\t<style id=\"wpforms-css-vars-elementor-widget-5c37372\">\n\t\t\t\t.elementor-widget-wpforms.elementor-element-5c37372 {\n\t\t\t\t--wpforms-field-border-color: #cccccc;\n--wpforms-field-border-color-spare: #cccccc;\n--wpforms-field-text-color: #444444;\n--wpforms-label-color: #262626;\n--wpforms-label-sublabel-color: #7f7f7f;\n--wpforms-label-error-color: #ff0000;\n--wpforms-button-border-style: solid;\n--wpforms-button-background-color: #dddddd;\n--wpforms-button-border-color: #cccccc;\n--wpforms-button-text-color: #666666;\n--wpforms-page-break-color: #dddddd;\n--wpforms-label-size-font-size: 14px;\n--wpforms-label-size-line-height: 17px;\n--wpforms-label-size-sublabel-font-size: 13px;\n--wpforms-label-size-sublabel-line-height: 16px;\n\t\t\t}\n\t\t\t<\/style><div class=\"wpforms-container wpforms-container-full wpforms-render-modern\" id=\"wpforms-1116\"><form id=\"wpforms-form-1116\" class=\"wpforms-validate wpforms-form wpforms-ajax-form\" data-formid=\"1116\" method=\"post\" enctype=\"multipart\/form-data\" action=\"\/index.php\/wp-json\/wp\/v2\/pages\/107\" data-token=\"bf6bc9e2d5c379f124c4466c69af8e63\" data-token-time=\"1776771121\"><noscript class=\"wpforms-error-noscript\">Please enable JavaScript in your browser to complete this form.<\/noscript><div id=\"wpforms-error-noscript\" style=\"display: none;\">Please enable JavaScript in your browser to complete this form.<\/div><div class=\"wpforms-field-container\"><div id=\"wpforms-1116-field_1-container\" class=\"wpforms-field wpforms-field-name\" data-field-id=\"1\"><label class=\"wpforms-field-label\" for=\"wpforms-1116-field_1\">Ime i prezime <span class=\"wpforms-required-label\" aria-hidden=\"true\">*<\/span><\/label><input type=\"text\" id=\"wpforms-1116-field_1\" class=\"wpforms-field-medium wpforms-field-required\" name=\"wpforms[fields][1]\" aria-errormessage=\"wpforms-1116-field_1-error\" required><\/div>\t\t<div id=\"wpforms-1116-field_4-container\"\n\t\t\tclass=\"wpforms-field wpforms-field-text\"\n\t\t\tdata-field-type=\"text\"\n\t\t\tdata-field-id=\"4\"\n\t\t\t>\n\t\t\t<label class=\"wpforms-field-label\" for=\"wpforms-1116-field_4\" >Email prezime Ime<\/label>\n\t\t\t<input type=\"text\" id=\"wpforms-1116-field_4\" class=\"wpforms-field-medium\" name=\"wpforms[fields][4]\" >\n\t\t<\/div>\n\t\t<div id=\"wpforms-1116-field_2-container\" class=\"wpforms-field wpforms-field-email\" data-field-id=\"2\"><label class=\"wpforms-field-label\" for=\"wpforms-1116-field_2\">Email <span class=\"wpforms-required-label\" aria-hidden=\"true\">*<\/span><\/label><input type=\"email\" id=\"wpforms-1116-field_2\" class=\"wpforms-field-medium wpforms-field-required\" name=\"wpforms[fields][2]\" spellcheck=\"false\" aria-errormessage=\"wpforms-1116-field_2-error\" required><\/div><div id=\"wpforms-1116-field_3-container\" class=\"wpforms-field wpforms-field-textarea\" data-field-id=\"3\"><label class=\"wpforms-field-label\" for=\"wpforms-1116-field_3\">Poruka<\/label><textarea id=\"wpforms-1116-field_3\" class=\"wpforms-field-medium\" name=\"wpforms[fields][3]\" aria-errormessage=\"wpforms-1116-field_3-error\" aria-describedby=\"wpforms-1116-field_3-description\" ><\/textarea><div id=\"wpforms-1116-field_3-description\" class=\"wpforms-field-description\">Upi\u0161ite vrtsu usluge koja vas zanima, o kakvom se objektu radi (stan, ku\u0107a, poslovni prostor, novogradnja, postoje\u0107i objekt) te kako Vam mogu pomo\u0107i.<\/div><\/div><script>\n\t\t\t\t( function() {\n\t\t\t\t\tconst style = document.createElement( 'style' );\n\t\t\t\t\tstyle.appendChild( document.createTextNode( '#wpforms-1116-field_4-container { position: absolute !important; overflow: hidden !important; display: inline !important; height: 1px !important; width: 1px !important; z-index: -1000 !important; padding: 0 !important; } #wpforms-1116-field_4-container input { visibility: hidden; } #wpforms-conversational-form-page #wpforms-1116-field_4-container label { counter-increment: none; }' ) );\n\t\t\t\t\tdocument.head.appendChild( style );\n\t\t\t\t\tdocument.currentScript?.remove();\n\t\t\t\t} )();\n\t\t\t<\/script><\/div><!-- .wpforms-field-container --><div class=\"wpforms-submit-container\" ><input type=\"hidden\" name=\"wpforms[id]\" value=\"1116\"><input type=\"hidden\" name=\"page_title\" value=\"\"><input type=\"hidden\" name=\"page_url\" value=\"https:\/\/interierisch.hr\/index.php\/wp-json\/wp\/v2\/pages\/107\"><input type=\"hidden\" name=\"url_referer\" value=\"\"><button type=\"submit\" name=\"wpforms[submit]\" id=\"wpforms-submit-1116\" class=\"wpforms-submit\" data-alt-text=\"Sending...\" data-submit-text=\"Submit\" aria-live=\"assertive\" value=\"wpforms-submit\">Submit<\/button><img decoding=\"async\" src=\"https:\/\/interierisch.hr\/wp-content\/plugins\/wpforms-lite\/assets\/images\/submit-spin.svg\" class=\"wpforms-submit-spinner\" style=\"display: none;\" width=\"26\" height=\"26\" alt=\"Loading\"><\/div><\/form><\/div>  <!-- .wpforms-container -->\t\t\t\t<\/div>\n\t\t\t\t<\/div>\n\t\t\t\t\t<\/div>\n\t\t\t\t<\/div>\n\t\t\t\t<\/div>\n\t\t","protected":false},"excerpt":{"rendered":"<p>+385 91 254 6083 info@interierisch.hr Imate projekt u planu? Trebate dizajn interijera? Po\u0161aljite nam upit i javimo Vam se povratno u roku od 24 sata.\u00a0 Please enable JavaScript in your browser to complete this form.Please enable JavaScript in your browser to complete this form.Ime i prezime *Email *PorukaUpi\u0161ite vrtsu usluge koja vas zanima, o kakvom &hellip; <\/p>\n<p class=\"link-more\"><a href=\"https:\/\/interierisch.hr\/index.php\/kontakt-2\/\" class=\"more-link\">Nastavi \u010ditati<span class=\"screen-reader-text\"> &#8220;Kontakt&#8221;<\/span><\/a><\/p>\n","protected":false},"author":1,"featured_media":0,"parent":0,"menu_order":0,"comment_status":"closed","ping_status":"closed","template":"","meta":{"_monsterinsights_skip_tracking":false,"_monsterinsights_sitenote_active":false,"_monsterinsights_sitenote_note":"","_monsterinsights_sitenote_category":0,"footnotes":""},"class_list":["post-107","page","type-page","status-publish","hentry"],"yoast_head":"<!-- This site is optimized with the Yoast SEO plugin v27.2 - https:\/\/yoast.com\/product\/yoast-seo-wordpress\/ -->\n<title>Kontakt - interieri.SCH<\/title>\n<meta name=\"description\" content=\"Kontaktirajte nas za dizajn interijera va\u0161eg prostora. Izra\u0111ujemo idejne, izvedbene projkete, 3D vizualizacije te 360 virtulane ture.\" \/>\n<meta name=\"robots\" content=\"index, follow, max-snippet:-1, max-image-preview:large, max-video-preview:-1\" \/>\n<link rel=\"canonical\" href=\"https:\/\/interierisch.hr\/index.php\/kontakt-2\/\" \/>\n<meta property=\"og:locale\" content=\"hr_HR\" \/>\n<meta property=\"og:type\" content=\"article\" \/>\n<meta property=\"og:title\" content=\"Kontakt - interieri.SCH\" \/>\n<meta property=\"og:description\" content=\"Kontaktirajte nas za dizajn interijera va\u0161eg prostora. Izra\u0111ujemo idejne, izvedbene projkete, 3D vizualizacije te 360 virtulane ture.\" \/>\n<meta property=\"og:url\" content=\"https:\/\/interierisch.hr\/index.php\/kontakt-2\/\" \/>\n<meta property=\"og:site_name\" content=\"interieri.SCH\" \/>\n<meta property=\"article:modified_time\" content=\"2026-04-13T15:03:30+00:00\" \/>\n<meta property=\"og:image\" content=\"https:\/\/interierisch.hr\/wp-content\/plugins\/wpforms-lite\/assets\/images\/submit-spin.svg\" \/>\n<meta name=\"twitter:card\" content=\"summary_large_image\" \/>\n<meta name=\"twitter:label1\" content=\"Procijenjeno vrijeme \u010ditanja\" \/>\n\t<meta name=\"twitter:data1\" content=\"1 minuta\" \/>\n<script type=\"application\/ld+json\" class=\"yoast-schema-graph\">{\"@context\":\"https:\/\/schema.org\",\"@graph\":[{\"@type\":\"WebPage\",\"@id\":\"https:\/\/interierisch.hr\/index.php\/kontakt-2\/\",\"url\":\"https:\/\/interierisch.hr\/index.php\/kontakt-2\/\",\"name\":\"Kontakt - interieri.SCH\",\"isPartOf\":{\"@id\":\"https:\/\/interierisch.hr\/#website\"},\"primaryImageOfPage\":{\"@id\":\"https:\/\/interierisch.hr\/index.php\/kontakt-2\/#primaryimage\"},\"image\":{\"@id\":\"https:\/\/interierisch.hr\/index.php\/kontakt-2\/#primaryimage\"},\"thumbnailUrl\":\"https:\/\/interierisch.hr\/wp-content\/plugins\/wpforms-lite\/assets\/images\/submit-spin.svg\",\"datePublished\":\"2025-05-11T14:08:11+00:00\",\"dateModified\":\"2026-04-13T15:03:30+00:00\",\"description\":\"Kontaktirajte nas za dizajn interijera va\u0161eg prostora. Izra\u0111ujemo idejne, izvedbene projkete, 3D vizualizacije te 360 virtulane ture.\",\"breadcrumb\":{\"@id\":\"https:\/\/interierisch.hr\/index.php\/kontakt-2\/#breadcrumb\"},\"inLanguage\":\"hr\",\"potentialAction\":[{\"@type\":\"ReadAction\",\"target\":[\"https:\/\/interierisch.hr\/index.php\/kontakt-2\/\"]}]},{\"@type\":\"ImageObject\",\"inLanguage\":\"hr\",\"@id\":\"https:\/\/interierisch.hr\/index.php\/kontakt-2\/#primaryimage\",\"url\":\"https:\/\/interierisch.hr\/wp-content\/plugins\/wpforms-lite\/assets\/images\/submit-spin.svg\",\"contentUrl\":\"https:\/\/interierisch.hr\/wp-content\/plugins\/wpforms-lite\/assets\/images\/submit-spin.svg\"},{\"@type\":\"BreadcrumbList\",\"@id\":\"https:\/\/interierisch.hr\/index.php\/kontakt-2\/#breadcrumb\",\"itemListElement\":[{\"@type\":\"ListItem\",\"position\":1,\"name\":\"Po\u010detna stranica\",\"item\":\"https:\/\/interierisch.hr\/\"},{\"@type\":\"ListItem\",\"position\":2,\"name\":\"Kontakt\"}]},{\"@type\":\"WebSite\",\"@id\":\"https:\/\/interierisch.hr\/#website\",\"url\":\"https:\/\/interierisch.hr\/\",\"name\":\"interieri.SCH\",\"description\":\"Studio za dizajn interijera\",\"potentialAction\":[{\"@type\":\"SearchAction\",\"target\":{\"@type\":\"EntryPoint\",\"urlTemplate\":\"https:\/\/interierisch.hr\/?s={search_term_string}\"},\"query-input\":{\"@type\":\"PropertyValueSpecification\",\"valueRequired\":true,\"valueName\":\"search_term_string\"}}],\"inLanguage\":\"hr\"}]}<\/script>\n<!-- \/ Yoast SEO plugin. -->","yoast_head_json":{"title":"Kontakt - interieri.SCH","description":"Kontaktirajte nas za dizajn interijera va\u0161eg prostora. Izra\u0111ujemo idejne, izvedbene projkete, 3D vizualizacije te 360 virtulane ture.","robots":{"index":"index","follow":"follow","max-snippet":"max-snippet:-1","max-image-preview":"max-image-preview:large","max-video-preview":"max-video-preview:-1"},"canonical":"https:\/\/interierisch.hr\/index.php\/kontakt-2\/","og_locale":"hr_HR","og_type":"article","og_title":"Kontakt - interieri.SCH","og_description":"Kontaktirajte nas za dizajn interijera va\u0161eg prostora. Izra\u0111ujemo idejne, izvedbene projkete, 3D vizualizacije te 360 virtulane ture.","og_url":"https:\/\/interierisch.hr\/index.php\/kontakt-2\/","og_site_name":"interieri.SCH","article_modified_time":"2026-04-13T15:03:30+00:00","og_image":[{"url":"https:\/\/interierisch.hr\/wp-content\/plugins\/wpforms-lite\/assets\/images\/submit-spin.svg","type":"","width":"","height":""}],"twitter_card":"summary_large_image","twitter_misc":{"Procijenjeno vrijeme \u010ditanja":"1 minuta"},"schema":{"@context":"https:\/\/schema.org","@graph":[{"@type":"WebPage","@id":"https:\/\/interierisch.hr\/index.php\/kontakt-2\/","url":"https:\/\/interierisch.hr\/index.php\/kontakt-2\/","name":"Kontakt - interieri.SCH","isPartOf":{"@id":"https:\/\/interierisch.hr\/#website"},"primaryImageOfPage":{"@id":"https:\/\/interierisch.hr\/index.php\/kontakt-2\/#primaryimage"},"image":{"@id":"https:\/\/interierisch.hr\/index.php\/kontakt-2\/#primaryimage"},"thumbnailUrl":"https:\/\/interierisch.hr\/wp-content\/plugins\/wpforms-lite\/assets\/images\/submit-spin.svg","datePublished":"2025-05-11T14:08:11+00:00","dateModified":"2026-04-13T15:03:30+00:00","description":"Kontaktirajte nas za dizajn interijera va\u0161eg prostora. Izra\u0111ujemo idejne, izvedbene projkete, 3D vizualizacije te 360 virtulane ture.","breadcrumb":{"@id":"https:\/\/interierisch.hr\/index.php\/kontakt-2\/#breadcrumb"},"inLanguage":"hr","potentialAction":[{"@type":"ReadAction","target":["https:\/\/interierisch.hr\/index.php\/kontakt-2\/"]}]},{"@type":"ImageObject","inLanguage":"hr","@id":"https:\/\/interierisch.hr\/index.php\/kontakt-2\/#primaryimage","url":"https:\/\/interierisch.hr\/wp-content\/plugins\/wpforms-lite\/assets\/images\/submit-spin.svg","contentUrl":"https:\/\/interierisch.hr\/wp-content\/plugins\/wpforms-lite\/assets\/images\/submit-spin.svg"},{"@type":"BreadcrumbList","@id":"https:\/\/interierisch.hr\/index.php\/kontakt-2\/#breadcrumb","itemListElement":[{"@type":"ListItem","position":1,"name":"Po\u010detna stranica","item":"https:\/\/interierisch.hr\/"},{"@type":"ListItem","position":2,"name":"Kontakt"}]},{"@type":"WebSite","@id":"https:\/\/interierisch.hr\/#website","url":"https:\/\/interierisch.hr\/","name":"interieri.SCH","description":"Studio za dizajn interijera","potentialAction":[{"@type":"SearchAction","target":{"@type":"EntryPoint","urlTemplate":"https:\/\/interierisch.hr\/?s={search_term_string}"},"query-input":{"@type":"PropertyValueSpecification","valueRequired":true,"valueName":"search_term_string"}}],"inLanguage":"hr"}]}},"_links":{"self":[{"href":"https:\/\/interierisch.hr\/index.php\/wp-json\/wp\/v2\/pages\/107","targetHints":{"allow":["GET"]}}],"collection":[{"href":"https:\/\/interierisch.hr\/index.php\/wp-json\/wp\/v2\/pages"}],"about":[{"href":"https:\/\/interierisch.hr\/index.php\/wp-json\/wp\/v2\/types\/page"}],"author":[{"embeddable":true,"href":"https:\/\/interierisch.hr\/index.php\/wp-json\/wp\/v2\/users\/1"}],"replies":[{"embeddable":true,"href":"https:\/\/interierisch.hr\/index.php\/wp-json\/wp\/v2\/comments?post=107"}],"version-history":[{"count":24,"href":"https:\/\/interierisch.hr\/index.php\/wp-json\/wp\/v2\/pages\/107\/revisions"}],"predecessor-version":[{"id":1350,"href":"https:\/\/interierisch.hr\/index.php\/wp-json\/wp\/v2\/pages\/107\/revisions\/1350"}],"wp:attachment":[{"href":"https:\/\/interierisch.hr\/index.php\/wp-json\/wp\/v2\/media?parent=107"}],"curies":[{"name":"wp","href":"https:\/\/api.w.org\/{rel}","templated":true}]}}